{"id":9,"date":"2017-08-02T14:37:19","date_gmt":"2017-08-02T12:37:19","guid":{"rendered":"http:\/\/foyerrural-lacroixfalgarde.fr\/?page_id=9"},"modified":"2025-08-31T09:56:25","modified_gmt":"2025-08-31T07:56:25","slug":"activites","status":"publish","type":"page","link":"https:\/\/foyerrural-lacroixfalgarde.fr\/index.php\/activites\/","title":{"rendered":"Activit\u00e9s"},"content":{"rendered":"<div id=\"pl-9\"  class=\"panel-layout\" ><div id=\"pg-9-0\"  class=\"panel-grid panel-no-style\" ><div id=\"pgc-9-0-0\"  class=\"panel-grid-cell\" ><div id=\"panel-9-0-0-0\" class=\"so-panel widget widget_themegrill_flash_image tg-widget tg-image-widget panel-first-child panel-last-child\" data-index=\"0\" >\t<img src=\"http:\/\/foyerrural-lacroixfalgarde.fr\/wp-content\/uploads\/2017\/08\/cropped-bandeau-foyerrural-lacroixfalgarde.gif\" \/>\n<\/div><\/div><\/div><div id=\"pg-9-1\"  class=\"panel-grid panel-no-style\" ><div id=\"pgc-9-1-0\"  class=\"panel-grid-cell panel-grid-cell-empty\" ><\/div><div id=\"pgc-9-1-1\"  class=\"panel-grid-cell panel-grid-cell-mobile-last\" ><div id=\"panel-9-1-1-0\" class=\"so-panel widget widget_sow-editor panel-first-child panel-last-child\" data-index=\"1\" ><div class=\"so-widget-sow-editor so-widget-sow-editor-base\">\n<div class=\"siteorigin-widget-tinymce textwidget\">\n\t<p>Nous vous proposons 4 types d\u2019activit\u00e9s, avec de nombreuses nouveaut\u00e9s.<\/p>\n<\/div>\n<\/div><\/div><\/div><div id=\"pgc-9-1-2\"  class=\"panel-grid-cell panel-grid-cell-empty\" ><\/div><\/div><div id=\"pg-9-2\"  class=\"panel-grid panel-no-style\" ><div id=\"pgc-9-2-0\"  class=\"panel-grid-cell\" ><div id=\"panel-9-2-0-0\" class=\"so-panel widget widget_themegrill_flash_service tg-widget tg-single-service panel-first-child\" data-index=\"2\" >\n<div class=\"tg-service-widget tg-service-layout-1\">\n\t<div class=\"service-wrapper\">\n\t\t<div class=\"service-icon-title-wrapper clearfix\">\n\t\t\t\t\t\t<div class=\"service-icon-wrap\"><i class=\"fa fa-arrow-circle-o-down\"><\/i><\/div>\n\t\t\t\t\t\t\t\t\t\t\t\t<h3 class=\"service-title-wrap\">\n\t\t\t\t\t\t\t\t<a href=\"http:\/\/foyerrural-lacroixfalgarde.fr\/index.php\/activites\/danse\/\">\n\t\t\t\tDanse\t\t\t\t\t\t\t\t<\/a>\n\t\t\t\t\t\t\t<\/h3>\n\t\t\t\t\t<\/div>\n\t\t\t\t<div class=\"service-content-wrap\">Du classique et du moderne bien s\u00fbr, mais aussi des danses plus r\u00e9centes<\/div>\n\t\t\t\t\t\t<a class=\"service-more\" href=\"http:\/\/foyerrural-lacroixfalgarde.fr\/index.php\/activites\/danse\/\">Nos activit\u00e9s Danse<\/a>\n\t\t\t<\/div>\n<\/div>\n<\/div><div id=\"panel-9-2-0-1\" class=\"so-panel widget widget_themegrill_flash_service tg-widget tg-single-service panel-last-child\" data-index=\"3\" >\n<div class=\"tg-service-widget tg-service-layout-1\">\n\t<div class=\"service-wrapper\">\n\t\t<div class=\"service-icon-title-wrapper clearfix\">\n\t\t\t\t\t\t<div class=\"service-icon-wrap\"><i class=\"fa fa-arrow-circle-o-down\"><\/i><\/div>\n\t\t\t\t\t\t\t\t\t\t\t\t<h3 class=\"service-title-wrap\">\n\t\t\t\t\t\t\t\t<a href=\"http:\/\/foyerrural-lacroixfalgarde.fr\/index.php\/activites\/theatre-amateur\/\">\n\t\t\t\tTh\u00e9atre\t\t\t\t\t\t\t\t<\/a>\n\t\t\t\t\t\t\t<\/h3>\n\t\t\t\t\t<\/div>\n\t\t\t\t<div class=\"service-content-wrap\"> possible de s'inscrire \u00e0 une activit\u00e9 de th\u00e9atre amateur adulte, propos\u00e9e gr\u00e2ce \u00e0 une collaboration avec le foyer rural de Vieille-Toulouse. <\/div>\n\t\t\t\t\t\t<a class=\"service-more\" href=\"http:\/\/foyerrural-lacroixfalgarde.fr\/index.php\/activites\/theatre-amateur\/\">d\u00e9tails ici<\/a>\n\t\t\t<\/div>\n<\/div>\n<\/div><\/div><div id=\"pgc-9-2-1\"  class=\"panel-grid-cell\" ><div id=\"panel-9-2-1-0\" class=\"so-panel widget widget_themegrill_flash_service tg-widget tg-single-service panel-first-child panel-last-child\" data-index=\"4\" >\n<div class=\"tg-service-widget tg-service-layout-1\">\n\t<div class=\"service-wrapper\">\n\t\t<div class=\"service-icon-title-wrapper clearfix\">\n\t\t\t\t\t\t<div class=\"service-icon-wrap\"><i class=\"fa fa-arrow-circle-o-down\"><\/i><\/div>\n\t\t\t\t\t\t\t\t\t\t\t\t<h3 class=\"service-title-wrap\">\n\t\t\t\t\t\t\t\t<a href=\"http:\/\/foyerrural-lacroixfalgarde.fr\/index.php\/activites\/musique\/\">\n\t\t\t\tMusique\t\t\t\t\t\t\t\t<\/a>\n\t\t\t\t\t\t\t<\/h3>\n\t\t\t\t\t<\/div>\n\t\t\t\t<div class=\"service-content-wrap\">Toujours une \u00e9cole de musique de qualit\u00e9<\/div>\n\t\t\t\t\t\t<a class=\"service-more\" href=\"http:\/\/foyerrural-lacroixfalgarde.fr\/index.php\/activites\/musique\/\">Nos activit\u00e9s Musique<\/a>\n\t\t\t<\/div>\n<\/div>\n<\/div><\/div><div id=\"pgc-9-2-2\"  class=\"panel-grid-cell\" ><div id=\"panel-9-2-2-0\" class=\"so-panel widget widget_themegrill_flash_service tg-widget tg-single-service panel-first-child panel-last-child\" data-index=\"5\" >\n<div class=\"tg-service-widget tg-service-layout-1\">\n\t<div class=\"service-wrapper\">\n\t\t<div class=\"service-icon-title-wrapper clearfix\">\n\t\t\t\t\t\t<div class=\"service-icon-wrap\"><i class=\"fa fa-arrow-circle-o-down\"><\/i><\/div>\n\t\t\t\t\t\t\t\t\t\t\t\t<h3 class=\"service-title-wrap\">\n\t\t\t\t\t\t\t\t<a href=\"http:\/\/foyerrural-lacroixfalgarde.fr\/index.php\/activites\/sport-et-bien-etre\/\">\n\t\t\t\tSport &amp; Bien-\u00eatre\t\t\t\t\t\t\t\t<\/a>\n\t\t\t\t\t\t\t<\/h3>\n\t\t\t\t\t<\/div>\n\t\t\t\t<div class=\"service-content-wrap\">De nombreuses nouvelles activit\u00e9s, y compris en ext\u00e9rieur<\/div>\n\t\t\t\t\t\t<a class=\"service-more\" href=\"http:\/\/foyerrural-lacroixfalgarde.fr\/index.php\/activites\/sport-et-bien-etre\/\">Nos activit\u00e9s Sport &amp; Bien-\u00eatre<\/a>\n\t\t\t<\/div>\n<\/div>\n<\/div><\/div><div id=\"pgc-9-2-3\"  class=\"panel-grid-cell\" ><div id=\"panel-9-2-3-0\" class=\"so-panel widget widget_themegrill_flash_service tg-widget tg-single-service panel-first-child panel-last-child\" data-index=\"6\" >\n<div class=\"tg-service-widget tg-service-layout-1\">\n\t<div class=\"service-wrapper\">\n\t\t<div class=\"service-icon-title-wrapper clearfix\">\n\t\t\t\t\t\t<div class=\"service-icon-wrap\"><i class=\"fa fa-arrow-circle-o-down\"><\/i><\/div>\n\t\t\t\t\t\t\t\t\t\t\t\t<h3 class=\"service-title-wrap\">\n\t\t\t\t\t\t\t\t<a href=\"http:\/\/foyerrural-lacroixfalgarde.fr\/index.php\/activites\/arts-plastiques\/\">\n\t\t\t\tArts plastiques\t\t\t\t\t\t\t\t<\/a>\n\t\t\t\t\t\t\t<\/h3>\n\t\t\t\t\t<\/div>\n\t\t\t\t<div class=\"service-content-wrap\">Une offre totalement renouvel\u00e9e et plus vari\u00e9e<\/div>\n\t\t\t\t\t\t<a class=\"service-more\" href=\"http:\/\/foyerrural-lacroixfalgarde.fr\/index.php\/activites\/arts-plastiques\/\">Nos activit\u00e9s Arts plastiques<\/a>\n\t\t\t<\/div>\n<\/div>\n<\/div><\/div><\/div><div id=\"pg-9-3\"  class=\"panel-grid panel-no-style\" ><div id=\"pgc-9-3-0\"  class=\"panel-grid-cell\" ><div id=\"panel-9-3-0-0\" class=\"so-panel widget widget_sow-editor panel-first-child panel-last-child\" data-index=\"7\" ><div class=\"so-widget-sow-editor so-widget-sow-editor-base\">\n<div class=\"siteorigin-widget-tinymce textwidget\">\n\t<\/div>\n<\/div><\/div><\/div><\/div><\/div>","protected":false},"excerpt":{"rendered":"<p>Nous vous proposons 4 types d\u2019activit\u00e9s, avec de nombreuses nouveaut\u00e9s.<\/p>\n","protected":false},"author":1,"featured_media":0,"parent":0,"menu_order":0,"comment_status":"closed","ping_status":"closed","template":"page-templates\/pagebuilder.php","meta":[],"_links":{"self":[{"href":"https:\/\/foyerrural-lacroixfalgarde.fr\/index.php\/wp-json\/wp\/v2\/pages\/9"}],"collection":[{"href":"https:\/\/foyerrural-lacroixfalgarde.fr\/index.php\/wp-json\/wp\/v2\/pages"}],"about":[{"href":"https:\/\/foyerrural-lacroixfalgarde.fr\/index.php\/wp-json\/wp\/v2\/types\/page"}],"author":[{"embeddable":true,"href":"https:\/\/foyerrural-lacroixfalgarde.fr\/index.php\/wp-json\/wp\/v2\/users\/1"}],"replies":[{"embeddable":true,"href":"https:\/\/foyerrural-lacroixfalgarde.fr\/index.php\/wp-json\/wp\/v2\/comments?post=9"}],"version-history":[{"count":69,"href":"https:\/\/foyerrural-lacroixfalgarde.fr\/index.php\/wp-json\/wp\/v2\/pages\/9\/revisions"}],"predecessor-version":[{"id":2120,"href":"https:\/\/foyerrural-lacroixfalgarde.fr\/index.php\/wp-json\/wp\/v2\/pages\/9\/revisions\/2120"}],"wp:attachment":[{"href":"https:\/\/foyerrural-lacroixfalgarde.fr\/index.php\/wp-json\/wp\/v2\/media?parent=9"}],"curies":[{"name":"wp","href":"https:\/\/api.w.org\/{rel}","templated":true}]}}