{"id":562,"date":"2017-08-14T09:57:57","date_gmt":"2017-08-14T07:57:57","guid":{"rendered":"http:\/\/foyerrural-lacroixfalgarde.fr\/?page_id=562"},"modified":"2020-10-06T14:26:59","modified_gmt":"2020-10-06T12:26:59","slug":"nous-contacter-2","status":"publish","type":"page","link":"https:\/\/foyerrural-lacroixfalgarde.fr\/index.php\/nous-contacter-2\/","title":{"rendered":"Nous contacter"},"content":{"rendered":"<div id=\"pl-562\"  class=\"panel-layout\" ><div id=\"pg-562-0\"  class=\"panel-grid panel-no-style\" ><div id=\"pgc-562-0-0\"  class=\"panel-grid-cell panel-grid-cell-empty\" ><\/div><div id=\"pgc-562-0-1\"  class=\"panel-grid-cell panel-grid-cell-mobile-last\" ><div id=\"panel-562-0-1-0\" class=\"so-panel widget widget_sow-editor panel-first-child panel-last-child\" data-index=\"0\" ><div class=\"so-widget-sow-editor so-widget-sow-editor-base\">\n<div class=\"siteorigin-widget-tinymce textwidget\">\n\t<h3><span style=\"color: #ee572f;\">Foyer rural de Lacroix Falgarde<\/span><\/h3>\n<ul>\n<li>Place du Foyer rural<\/li>\n<li>31120 LACROIX FALGARDE<\/li>\n<li><a href=\"mailto:frlf31120@orange.fr\" target=\"_blank\" rel=\"noopener noreferrer\"><span style=\"text-decoration: underline;\"><span style=\"color: #3a8e9d; text-decoration: underline;\">frlf31120@orange.fr<\/span><\/span><\/a><\/li>\n<li><a href=\"http:\/\/foyerrural-lacroixfalgarde.fr\/\"><span style=\"text-decoration: underline;\"><span style=\"color: #3a8e9d; text-decoration: underline;\">www.foyerrural-lacroixfalgarde.fr<\/span><\/span><\/a><\/li>\n<li><a href=\"https:\/\/www.facebook.com\/foyeruralacroixfalgarde\/\" target=\"_blank\" rel=\"noopener noreferrer\"><span style=\"text-decoration: underline;\"><span style=\"color: #3a8e9d; text-decoration: underline;\">www.facebook.com\/foyeruralacroixfalgarde\/<\/span><\/span><\/a><\/li>\n<\/ul>\n<p>Il n'y a pas de permanence \u00e0 heures fixes, mais vous pouvez nous laisser un message par email, ou avec le formulaire, ou au num\u00e9ro ci-dessus, nous ne manquerons pas de vous r\u00e9pondre le plus vite possible.<\/p>\n<p><span style=\"color: #ee572f;\"><strong>Formulaire de contact :<\/strong><\/span><\/p>\n<div id=\"wpcf7-f123-p53-o1\" class=\"wpcf7\" dir=\"ltr\" lang=\"fr-FR\" role=\"form\"><div role=\"form\" class=\"wpcf7\" id=\"wpcf7-f122-o1\" lang=\"fr-FR\" dir=\"ltr\">\n<div class=\"screen-reader-response\" role=\"alert\" aria-live=\"polite\"><\/div>\n<form action=\"\/index.php\/wp-json\/wp\/v2\/pages\/562#wpcf7-f122-o1\" method=\"post\" class=\"wpcf7-form init\" novalidate=\"novalidate\">\n<div style=\"display: none;\">\n<input type=\"hidden\" name=\"_wpcf7\" value=\"122\" \/>\n<input type=\"hidden\" name=\"_wpcf7_version\" value=\"5.2.2\" \/>\n<input type=\"hidden\" name=\"_wpcf7_locale\" value=\"fr_FR\" \/>\n<input type=\"hidden\" name=\"_wpcf7_unit_tag\" value=\"wpcf7-f122-o1\" \/>\n<input type=\"hidden\" name=\"_wpcf7_container_post\" value=\"0\" \/>\n<input type=\"hidden\" name=\"_wpcf7_posted_data_hash\" value=\"\" \/>\n<\/div>\n<p><label> Votre nom (obligatoire)<br \/>\n    <span class=\"wpcf7-form-control-wrap your-name\"><input type=\"text\" name=\"your-name\" value=\"\" size=\"40\" class=\"wpcf7-form-control wpcf7-text wpcf7-validates-as-required\" aria-required=\"true\" aria-invalid=\"false\" \/><\/span> <\/label><\/p>\n<p><label> Votre e-mail (obligatoire)<br \/>\n    <span class=\"wpcf7-form-control-wrap your-email\"><input type=\"email\" name=\"your-email\" value=\"\" size=\"40\" class=\"wpcf7-form-control wpcf7-text wpcf7-email wpcf7-validates-as-required wpcf7-validates-as-email\" aria-required=\"true\" aria-invalid=\"false\" \/><\/span> <\/label><\/p>\n<p><label> Sujet<br \/>\n    <span class=\"wpcf7-form-control-wrap your-subject\"><input type=\"text\" name=\"your-subject\" value=\"\" size=\"40\" class=\"wpcf7-form-control wpcf7-text\" aria-invalid=\"false\" \/><\/span> <\/label><\/p>\n<p><label> Votre message<br \/>\n    <span class=\"wpcf7-form-control-wrap your-message\"><textarea name=\"your-message\" cols=\"40\" rows=\"10\" class=\"wpcf7-form-control wpcf7-textarea\" aria-invalid=\"false\"><\/textarea><\/span> <\/label><\/p>\n<p><input type=\"submit\" value=\"Envoyer\" class=\"wpcf7-form-control wpcf7-submit\" \/><\/p>\n<div class=\"wpcf7-response-output\" role=\"alert\" aria-hidden=\"true\"><\/div><\/form><\/div><\/div>\n<div dir=\"ltr\" lang=\"fr-FR\" role=\"form\"><\/div>\n<div dir=\"ltr\" lang=\"fr-FR\" role=\"form\"><\/div>\n<div class=\"wpcf7\" dir=\"ltr\" lang=\"fr-FR\" role=\"form\"><\/div>\n<\/div>\n<\/div><\/div><\/div><div id=\"pgc-562-0-2\"  class=\"panel-grid-cell panel-grid-cell-empty\" ><\/div><\/div><\/div>","protected":false},"excerpt":{"rendered":"<p>Foyer rural de Lacroix Falgarde Place du Foyer rural 31120 LACROIX FALGARDE frlf31120@orange.fr www.foyerrural-lacroixfalgarde.fr www.facebook.com\/foyeruralacroixfalgarde\/ Il n&rsquo;y a pas de [&hellip;]<\/p>\n","protected":false},"author":1,"featured_media":0,"parent":0,"menu_order":0,"comment_status":"closed","ping_status":"closed","template":"","meta":[],"_links":{"self":[{"href":"https:\/\/foyerrural-lacroixfalgarde.fr\/index.php\/wp-json\/wp\/v2\/pages\/562"}],"collection":[{"href":"https:\/\/foyerrural-lacroixfalgarde.fr\/index.php\/wp-json\/wp\/v2\/pages"}],"about":[{"href":"https:\/\/foyerrural-lacroixfalgarde.fr\/index.php\/wp-json\/wp\/v2\/types\/page"}],"author":[{"embeddable":true,"href":"https:\/\/foyerrural-lacroixfalgarde.fr\/index.php\/wp-json\/wp\/v2\/users\/1"}],"replies":[{"embeddable":true,"href":"https:\/\/foyerrural-lacroixfalgarde.fr\/index.php\/wp-json\/wp\/v2\/comments?post=562"}],"version-history":[{"count":14,"href":"https:\/\/foyerrural-lacroixfalgarde.fr\/index.php\/wp-json\/wp\/v2\/pages\/562\/revisions"}],"predecessor-version":[{"id":1469,"href":"https:\/\/foyerrural-lacroixfalgarde.fr\/index.php\/wp-json\/wp\/v2\/pages\/562\/revisions\/1469"}],"wp:attachment":[{"href":"https:\/\/foyerrural-lacroixfalgarde.fr\/index.php\/wp-json\/wp\/v2\/media?parent=562"}],"curies":[{"name":"wp","href":"https:\/\/api.w.org\/{rel}","templated":true}]}}