{"id":48,"date":"2017-08-02T15:48:34","date_gmt":"2017-08-02T13:48:34","guid":{"rendered":"http:\/\/foyerrural-lacroixfalgarde.fr\/?page_id=48"},"modified":"2024-10-02T21:19:31","modified_gmt":"2024-10-02T19:19:31","slug":"qui-sommes-nous","status":"publish","type":"page","link":"https:\/\/foyerrural-lacroixfalgarde.fr\/index.php\/qui-sommes-nous\/","title":{"rendered":"Qui sommes-nous?"},"content":{"rendered":"<div id=\"pl-48\"  class=\"panel-layout\" ><div id=\"pg-48-0\"  class=\"panel-grid panel-no-style\" ><div id=\"pgc-48-0-0\"  class=\"panel-grid-cell panel-grid-cell-empty\" ><\/div><div id=\"pgc-48-0-1\"  class=\"panel-grid-cell panel-grid-cell-mobile-last\" ><div id=\"panel-48-0-1-0\" class=\"so-panel widget widget_sow-editor panel-first-child panel-last-child\" data-index=\"0\" ><div class=\"so-widget-sow-editor so-widget-sow-editor-base\">\n<div class=\"siteorigin-widget-tinymce textwidget\">\n\t<p>Le <a href=\"http:\/\/foyerrural-lacroixfalgarde.fr\/index.php\/qui-sommes-nous\/le-foyer-rural\/\"><span style=\"text-decoration: underline;\"><span style=\"color: #3a8e9d; text-decoration: underline;\">Foyer rural de Lacroix Falgarde,<\/span><\/span><\/a>\u00a0fond\u00e9 en 1965, est une Association de type Loi de 1901. C'est une structure d'accueil pour tout type d'activit\u00e9s sportives, culturelles et de loisirs. Il est affili\u00e9 \u00e0 la <a href=\"http:\/\/www.fdfr3165.fr\" target=\"_blank\" rel=\"noopener noreferrer\"><span style=\"text-decoration: underline;\"><span style=\"color: #3a8e9d; text-decoration: underline;\">F\u00e9d\u00e9ration d\u00e9partementale des Foyers ruraux de Haute Garonne et des Hautes Pyr\u00e9n\u00e9es.<\/span><\/span><\/a><\/p>\n<p>Il est g\u00e9r\u00e9 par un <a href=\"http:\/\/foyerrural-lacroixfalgarde.fr\/index.php\/qui-sommes-nous\/lequipe\/\"><span style=\"text-decoration: underline;\"><span style=\"color: #3a8e9d; text-decoration: underline;\">Conseil d'administration et un Bureau, compos\u00e9s de b\u00e9n\u00e9voles<\/span><\/span><\/a>.<\/p>\n<p>&nbsp;<\/p>\n<p><a href=\"http:\/\/foyerrural-lacroixfalgarde.fr\/wp-content\/uploads\/2024\/10\/IMG-20240907-WA0002.jpg\"><img loading=\"lazy\" class=\"alignnone size-large wp-image-2041\" src=\"http:\/\/foyerrural-lacroixfalgarde.fr\/wp-content\/uploads\/2024\/10\/IMG-20240907-WA0002-1024x768.jpg\" alt=\"\" width=\"780\" height=\"585\" srcset=\"https:\/\/foyerrural-lacroixfalgarde.fr\/wp-content\/uploads\/2024\/10\/IMG-20240907-WA0002-1024x768.jpg 1024w, https:\/\/foyerrural-lacroixfalgarde.fr\/wp-content\/uploads\/2024\/10\/IMG-20240907-WA0002-300x225.jpg 300w, https:\/\/foyerrural-lacroixfalgarde.fr\/wp-content\/uploads\/2024\/10\/IMG-20240907-WA0002-768x576.jpg 768w, https:\/\/foyerrural-lacroixfalgarde.fr\/wp-content\/uploads\/2024\/10\/IMG-20240907-WA0002-1536x1152.jpg 1536w, https:\/\/foyerrural-lacroixfalgarde.fr\/wp-content\/uploads\/2024\/10\/IMG-20240907-WA0002.jpg 1600w\" sizes=\"(max-width: 780px) 100vw, 780px\" \/><\/a><\/p>\n<\/div>\n<\/div><\/div><\/div><div id=\"pgc-48-0-2\"  class=\"panel-grid-cell panel-grid-cell-empty\" ><\/div><\/div><\/div>","protected":false},"excerpt":{"rendered":"<p>Le Foyer rural de Lacroix Falgarde,\u00a0fond\u00e9 en 1965, est une Association de type Loi de 1901. C&rsquo;est une structure d&rsquo;accueil [&hellip;]<\/p>\n","protected":false},"author":1,"featured_media":0,"parent":0,"menu_order":0,"comment_status":"closed","ping_status":"closed","template":"","meta":[],"_links":{"self":[{"href":"https:\/\/foyerrural-lacroixfalgarde.fr\/index.php\/wp-json\/wp\/v2\/pages\/48"}],"collection":[{"href":"https:\/\/foyerrural-lacroixfalgarde.fr\/index.php\/wp-json\/wp\/v2\/pages"}],"about":[{"href":"https:\/\/foyerrural-lacroixfalgarde.fr\/index.php\/wp-json\/wp\/v2\/types\/page"}],"author":[{"embeddable":true,"href":"https:\/\/foyerrural-lacroixfalgarde.fr\/index.php\/wp-json\/wp\/v2\/users\/1"}],"replies":[{"embeddable":true,"href":"https:\/\/foyerrural-lacroixfalgarde.fr\/index.php\/wp-json\/wp\/v2\/comments?post=48"}],"version-history":[{"count":11,"href":"https:\/\/foyerrural-lacroixfalgarde.fr\/index.php\/wp-json\/wp\/v2\/pages\/48\/revisions"}],"predecessor-version":[{"id":2043,"href":"https:\/\/foyerrural-lacroixfalgarde.fr\/index.php\/wp-json\/wp\/v2\/pages\/48\/revisions\/2043"}],"wp:attachment":[{"href":"https:\/\/foyerrural-lacroixfalgarde.fr\/index.php\/wp-json\/wp\/v2\/media?parent=48"}],"curies":[{"name":"wp","href":"https:\/\/api.w.org\/{rel}","templated":true}]}}