{"id":437,"date":"2017-08-10T22:30:26","date_gmt":"2017-08-10T20:30:26","guid":{"rendered":"http:\/\/foyerrural-lacroixfalgarde.fr\/?page_id=437"},"modified":"2025-10-21T20:07:35","modified_gmt":"2025-10-21T18:07:35","slug":"accueil2","status":"publish","type":"page","link":"https:\/\/foyerrural-lacroixfalgarde.fr\/","title":{"rendered":"Accueil"},"content":{"rendered":"<div id=\"pl-437\" class=\"panel-layout\">\n<div id=\"pg-437-0\" class=\"panel-grid panel-no-style\" data-style=\"{&quot;background_display&quot;:&quot;tile&quot;,&quot;cell_alignment&quot;:&quot;flex-start&quot;}\">\n<div id=\"pgc-437-0-0\" class=\"panel-grid-cell\" data-weight=\"1\">\n<h1 data-index=\"0\" data-style=\"{&quot;background_image_attachment&quot;:false,&quot;background_display&quot;:&quot;tile&quot;,&quot;font_color&quot;:&quot;#000000&quot;,&quot;link_color&quot;:&quot;#585d5e&quot;}\"><span style=\"color: #0000ff;\"><strong>SAISON 2025 &#8211; 2026 <a style=\"color: #0000ff;\" href=\"http:\/\/foyerrural-lacroixfalgarde.fr\/wp-content\/uploads\/2017\/08\/bandeau-foyerrural-lacroixfalgarde.gif\"><img loading=\"lazy\" class=\"alignnone  wp-image-311\" src=\"http:\/\/foyerrural-lacroixfalgarde.fr\/wp-content\/uploads\/2017\/08\/bandeau-foyerrural-lacroixfalgarde-1024x341.gif\" alt=\"bandeau-foyerrural-lacroixfalgarde\" width=\"846\" height=\"282\" srcset=\"https:\/\/foyerrural-lacroixfalgarde.fr\/wp-content\/uploads\/2017\/08\/bandeau-foyerrural-lacroixfalgarde-1024x341.gif 1024w, https:\/\/foyerrural-lacroixfalgarde.fr\/wp-content\/uploads\/2017\/08\/bandeau-foyerrural-lacroixfalgarde-300x100.gif 300w, https:\/\/foyerrural-lacroixfalgarde.fr\/wp-content\/uploads\/2017\/08\/bandeau-foyerrural-lacroixfalgarde-768x256.gif 768w\" sizes=\"(max-width: 846px) 100vw, 846px\" \/><\/a><\/strong><\/span><\/h1>\n<\/div>\n<\/div>\n<div id=\"pg-437-1\" class=\"panel-grid panel-no-style\" data-style=\"{&quot;background_image_attachment&quot;:false,&quot;background_display&quot;:&quot;tile&quot;,&quot;cell_alignment&quot;:&quot;flex-start&quot;}\">\n<div id=\"pgc-437-1-1\" class=\"panel-grid-cell panel-grid-cell-mobile-last\" data-weight=\"0.6\">\n<div id=\"panel-437-1-1-0\" class=\"so-panel widget widget_sow-editor panel-first-child panel-last-child\" data-index=\"1\" data-style=\"{&quot;background_image_attachment&quot;:false,&quot;background_display&quot;:&quot;tile&quot;}\">\n<div class=\"so-widget-sow-editor so-widget-sow-editor-base\">\n<h3><\/h3>\n<h3 class=\"widget-title\">Saison 2025-2026<\/h3>\n<div class=\"siteorigin-widget-tinymce textwidget\">\n<p><span style=\"font-size: 18.6667px;\"><b><u>Veuillez noter que les inscriptions sont aujourd&rsquo;hui closes..<\/u><\/b><\/span><\/p>\n<p>En cas de besoin de r\u00e9gularisation, merci de contacter le bureau du foyer rural.<\/p>\n<\/div>\n<p>Pour rappel, les nouveaut\u00e9s de cette ann\u00e9e sont :<br \/>\n&#8211; De nouveaux professeurs sur certaines activit\u00e9s<br \/>\n&#8211; les cours de sports sont regroup\u00e9s dans le PASS Fitness.\u00a0 Seul le cour de gym douce \/ stretching reste accessible pour une inscription \u00e0 l&rsquo;unit\u00e9.<br \/>\n&#8211; Apparition d&rsquo;un cours de \u00ab\u00a0body bar\u00a0\u00bb (de type body pump avec barre d&rsquo;alth\u00e8re l\u00e9g\u00e8re)<br \/>\n&#8211; Les cours de Yoga sont \u00e9galement int\u00e9gr\u00e9s au (et donc accessibles avec) PASS FITNESS<br \/>\n&#8211; Le cours de \u00ab\u00a0street workout\u00a0\u00bb pour les ados est supprim\u00e9.\u00a0 En contrepartie, tous les cours de sport sont ouverts aux jeunes \u00e0 partir de 16 ans.<br \/>\n&#8211; Un pass DANSE Adulte est propos\u00e9, permettant de participer \u00e0 tous les cours de danse adulte (+16 ans), incluant Zumba et Dance Hall\u00a0 (le cours de Zumba restant \u00e9galement accessible avec le pass Fitness). Il reste cependant possible de s&rsquo;incrire \u00e0 une activit\u00e9 danse adulte \u00e0 l&rsquo;unit\u00e9<br \/>\n&#8211; Une option \u00ab\u00a0cours de piano par groupe de 2 \u00e9l\u00e8ves\u00a0\u00bb est propos\u00e9e.<br \/>\n&#8211; Des stages et activit\u00e9s sp\u00e9cifiques de yoga seront propos\u00e9es sur des WE, en compl\u00e9ment du cours hebdomadaire (frais en suppl\u00e9ment)<\/p>\n<p>Autre nouveaut\u00e9 :<span style=\"color: #000000;\"> nous aurons un besoin plus important cette ann\u00e9e de <strong>support par nos adh\u00e9rents, pour des activit\u00e9s ponctuelles au long de l&rsquo;ann\u00e9e.\u00a0<\/strong><\/span><br \/>\n&#8211; Organisation du spectacle de danse, et des auditions de musique.<br \/>\n&#8211; Pr\u00e9paration et tenue d&rsquo;une buvette lors de spectacles.<br \/>\n&#8211; Participation \u00e0 diverses manifestations.<br \/>\nGardez en t\u00eate que votre participation \u00e0 ces cours r\u00e9sulte de votre <strong>adh\u00e9sion \u00e0 une association de b\u00e9n\u00e9voles,<\/strong>\u00a0 qui inclue un engagement moral \u00e0 nous aider \u00e0 faire vivre cette association.<\/p>\n<p><span style=\"background-color: #ffff00;\">On compte sur vous pour r\u00e9pondre pr\u00e9sents lorsque nous feront appel aux bonnes volont\u00e9es!<\/span><\/p>\n<\/div>\n<div class=\"so-widget-sow-editor so-widget-sow-editor-base\">\n<div class=\"siteorigin-widget-tinymce textwidget\"><\/div>\n<\/div>\n<\/div>\n<\/div>\n<\/div>\n<div id=\"pg-437-2\" class=\"panel-grid panel-no-style\" data-style=\"{&quot;background_image_attachment&quot;:false,&quot;background_display&quot;:&quot;tile&quot;,&quot;cell_alignment&quot;:&quot;flex-start&quot;}\">\n<div id=\"pgc-437-2-1\" class=\"panel-grid-cell panel-grid-cell-mobile-last\" data-style=\"{&quot;background_image_attachment&quot;:false,&quot;background_display&quot;:&quot;tile&quot;,&quot;vertical_alignment&quot;:&quot;auto&quot;}\" data-weight=\"0.78289786223278\">\n<div id=\"panel-437-2-1-0\" class=\"so-panel widget widget_sow-editor panel-first-child panel-last-child\" data-index=\"2\" data-style=\"{&quot;background_image_attachment&quot;:false,&quot;background_display&quot;:&quot;tile&quot;}\">\n<div class=\"so-widget-sow-editor so-widget-sow-editor-base\">\n<h3 class=\"widget-title\">Planning 2025-2026<\/h3>\n<div class=\"siteorigin-widget-tinymce textwidget\">\n<p>Voici le <a href=\"http:\/\/foyerrural-lacroixfalgarde.fr\/wp-content\/uploads\/2025\/08\/planning_25-e1756025430972.jpg\"><strong>planning des activit\u00e9s 2025-2026<\/strong><\/a><br \/>\nA noter que certaines activit\u00e9s pourront \u00eatre supprim\u00e9es, si le nombre d&rsquo;inscrits est insuffisant.<br \/>\nNous esp\u00e9rons (et pensons) tout de m\u00eame pouvoir les maintenir toutes<\/p>\n<\/div>\n<\/div>\n<\/div>\n<\/div>\n<div id=\"pgc-437-2-2\" class=\"panel-grid-cell panel-grid-cell-empty\" data-weight=\"0.09667458432304\"><\/div>\n<\/div>\n<div id=\"pg-437-3\" class=\"panel-grid panel-no-style\" data-style=\"{&quot;background_display&quot;:&quot;tile&quot;,&quot;cell_alignment&quot;:&quot;flex-start&quot;}\">\n<div id=\"pgc-437-3-1\" class=\"panel-grid-cell panel-grid-cell-mobile-last\" data-weight=\"0.6\">\n<div id=\"panel-437-3-1-0\" class=\"so-panel widget widget_sow-editor panel-first-child panel-last-child\" data-index=\"3\" data-style=\"{&quot;background_image_attachment&quot;:false,&quot;background_display&quot;:&quot;tile&quot;}\">\n<div class=\"so-widget-sow-editor so-widget-sow-editor-base\">\n<h3 class=\"widget-title\">Conditions et tarifs 2025-2026<\/h3>\n<div class=\"siteorigin-widget-tinymce textwidget\">\n<p>La cotisation et l&rsquo;adh\u00e9sion (15\u20ac) aux foyers ruraux 31-65 (assurance) sont dues en int\u00e9gralit\u00e9 pour toute l&rsquo;ann\u00e9e au moment de l&rsquo;inscription.<br \/>\n(Si vous avez d\u00e9j\u00e0 adh\u00e9r\u00e9 pour la saison, aupr\u00e8s d&rsquo;un autre foyer rural, vous n&rsquo;aurez PAS \u00e0 re-payer aupr\u00e8s du foyer de Lacroix Falgarde)<\/p>\n<p><strong><a href=\"https:\/\/foyerrural-lacroixfalgarde.fr\/index.php\/info-pratiques\/horaires-lieux-et-tarifs\/\">Les tarifs de chaque activit\u00e9 sont donn\u00e9s ici<\/a>.<\/strong><\/p>\n<p><strong>Une r\u00e9duction de 10%<\/strong> est accord\u00e9e (\u00e0 part sur l&rsquo;adh\u00e9sion) \u00e0 toute personne s&rsquo;inscrivant \u00e0 2 activit\u00e9s ou +<br \/>\n(expl : pour une inscription au pass fitness + 1 cr\u00e9neau de danse de 45mn, le tarif sera de 15 + (250+200)*0.9 = 420\u20ac<\/p>\n<p><strong>Une r\u00e9duction de 10%<\/strong> est \u00e9galement accord\u00e9e sur les tarifs des cours de musique, pour toute FAMILLE dont les membres s&rsquo;inscrivent \u00e0 2 ou + cours de musique.<\/p>\n<\/div>\n<\/div>\n<\/div>\n<\/div>\n<\/div>\n<div id=\"pg-437-9\" class=\"panel-grid panel-no-style\" data-style=\"{&quot;background_display&quot;:&quot;tile&quot;,&quot;cell_alignment&quot;:&quot;flex-start&quot;}\">\n<div id=\"pgc-437-9-2\" class=\"panel-grid-cell panel-grid-cell-empty\" data-style=\"{&quot;background_display&quot;:&quot;tile&quot;,&quot;vertical_alignment&quot;:&quot;auto&quot;}\" data-weight=\"0.19991225504533\"><\/div>\n<\/div>\n<\/div>\n","protected":false},"excerpt":{"rendered":"<p>SAISON 2025 &#8211; 2026 Saison 2025-2026 Veuillez noter que les inscriptions sont aujourd&rsquo;hui closes.. En cas de besoin de r\u00e9gularisation, [&hellip;]<\/p>\n","protected":false},"author":1,"featured_media":0,"parent":0,"menu_order":0,"comment_status":"closed","ping_status":"closed","template":"page-templates\/full-width.php","meta":[],"_links":{"self":[{"href":"https:\/\/foyerrural-lacroixfalgarde.fr\/index.php\/wp-json\/wp\/v2\/pages\/437"}],"collection":[{"href":"https:\/\/foyerrural-lacroixfalgarde.fr\/index.php\/wp-json\/wp\/v2\/pages"}],"about":[{"href":"https:\/\/foyerrural-lacroixfalgarde.fr\/index.php\/wp-json\/wp\/v2\/types\/page"}],"author":[{"embeddable":true,"href":"https:\/\/foyerrural-lacroixfalgarde.fr\/index.php\/wp-json\/wp\/v2\/users\/1"}],"replies":[{"embeddable":true,"href":"https:\/\/foyerrural-lacroixfalgarde.fr\/index.php\/wp-json\/wp\/v2\/comments?post=437"}],"version-history":[{"count":752,"href":"https:\/\/foyerrural-lacroixfalgarde.fr\/index.php\/wp-json\/wp\/v2\/pages\/437\/revisions"}],"predecessor-version":[{"id":2166,"href":"https:\/\/foyerrural-lacroixfalgarde.fr\/index.php\/wp-json\/wp\/v2\/pages\/437\/revisions\/2166"}],"wp:attachment":[{"href":"https:\/\/foyerrural-lacroixfalgarde.fr\/index.php\/wp-json\/wp\/v2\/media?parent=437"}],"curies":[{"name":"wp","href":"https:\/\/api.w.org\/{rel}","templated":true}]}}