{"id":42,"date":"2017-08-02T15:44:51","date_gmt":"2017-08-02T13:44:51","guid":{"rendered":"http:\/\/foyerrural-lacroixfalgarde.fr\/?page_id=42"},"modified":"2025-10-21T20:09:50","modified_gmt":"2025-10-21T18:09:50","slug":"inscriptions","status":"publish","type":"page","link":"https:\/\/foyerrural-lacroixfalgarde.fr\/index.php\/info-pratiques\/inscriptions\/","title":{"rendered":"Inscription"},"content":{"rendered":"<div id=\"pl-42\" class=\"panel-layout\">\n<div id=\"pg-42-0\" class=\"panel-grid panel-no-style\" data-style=\"{&quot;background_display&quot;:&quot;tile&quot;,&quot;cell_alignment&quot;:&quot;flex-start&quot;}\">\n<div id=\"pgc-42-0-0\" class=\"panel-grid-cell panel-grid-cell-empty\" data-weight=\"0.2\"><\/div>\n<div id=\"pgc-42-0-1\" class=\"panel-grid-cell panel-grid-cell-mobile-last\" data-weight=\"0.6\">\n<div id=\"panel-42-0-1-0\" class=\"so-panel widget widget_sow-editor panel-first-child panel-last-child\" data-index=\"0\" data-style=\"{&quot;background_image_attachment&quot;:false,&quot;background_display&quot;:&quot;tile&quot;}\">\n<div class=\"so-widget-sow-editor so-widget-sow-editor-base\">\n<div class=\"siteorigin-widget-tinymce textwidget\">\n<p>Pour participer aux activit\u00e9s du Foyer Rural de Lacroix Falgarde, il est n\u00e9cessaire d\u2019adh\u00e9rer au Foyer ou \u00eatre d\u00e9j\u00e0 adh\u00e9rent \u00e0 un autre Foyer Rural de Haute Garonne.\u2028\u2028 La <strong>carte d&rsquo;adh\u00e9sion<\/strong> est individuelle et personnelle ; elle comprend la <strong>couverture en Responsabilit\u00e9 Civile<\/strong> de son titulaire durant la pratique des activit\u00e9s du Foyer pendant une ann\u00e9e (du 01\/09 au 31\/08).<\/p>\n<p><strong>Le montant de l&rsquo;adh\u00e9sion pour l\u2019ann\u00e9e aux Foyers ruraux est de 15 \u20ac pour une personne <\/strong>(si vous \u00eates d\u00e9j\u00e0 adh\u00e9rent \u00e0 un autre Foyer rural, faites-le nous savoir, vous serrez exon\u00e9r\u00e9 de ce montant).<\/p>\n<p><span style=\"color: #ff0000;\"><strong>LES NOUVELLES PRISES D&rsquo;INSCRIPTIONS POUR LA SAISON 25-26 SONT FERMEES,\u00a0 en cas de besoin de r\u00e9gularisation, merci de contacter le bureau du Foyer rural<\/strong><\/span><\/p>\n<\/div>\n<\/div>\n<\/div>\n<p>Merci \u00e9galement de consulter au pr\u00e9alable le <strong>questionnaire de sant\u00e9 <\/strong>(par les parents pour les mineurs), et d&rsquo;\u00e9tudier attentivement toutes les questions, afin de d\u00e9terminer si un certificat m\u00e9dical (de moins de 3 ans) de non-contre-indication est n\u00e9cessaire (si pas n\u00e9cessaire, une d\u00e9claration sur l&rsquo;honneur vous sera demand\u00e9e)<\/p>\n<p><a href=\"http:\/\/foyerrural-lacroixfalgarde.fr\/wp-content\/uploads\/2024\/09\/Capture-decran-2024-09-01-160543.jpg\"><strong>\u00a0 \u00a0 \u00a0 \u00a0 \u00a0&#8211; Questionnaire adultes<\/strong><\/a><br \/>\n<strong>\u00a0 \u00a0 \u00a0 \u00a0 \u00a0&#8211;<a href=\"https:\/\/www.legifrance.gouv.fr\/jorf\/id\/JORFTEXT000043486824\"> Questionnaire mineurs<\/a><\/strong><\/p>\n<\/div>\n<\/div>\n<p>Pour les paiements pour les inscriptions d\u00e9j\u00e0 enregistr\u00e9es mais non-encore finalis\u00e9es, merci de privil\u00e9gier<\/p>\n<div id=\"pg-42-0\" class=\"panel-grid panel-no-style\" data-style=\"{&quot;background_display&quot;:&quot;tile&quot;,&quot;cell_alignment&quot;:&quot;flex-start&quot;}\">\n<div id=\"pgc-42-0-1\" class=\"panel-grid-cell panel-grid-cell-mobile-last\" data-weight=\"0.6\">\n<div id=\"panel-42-0-1-0\" class=\"so-panel widget widget_sow-editor panel-first-child panel-last-child\" data-index=\"0\" data-style=\"{&quot;background_image_attachment&quot;:false,&quot;background_display&quot;:&quot;tile&quot;}\">\n<div class=\"so-widget-sow-editor so-widget-sow-editor-base\">\n<div class=\"siteorigin-widget-tinymce textwidget\">\n<p>&#8211; CB\u00a0 sur Helloasso : <a href=\"https:\/\/www.helloasso.com\/associations\/foyer-rural-lacroix-falgarde\/adhesions\/inscriptions-2025-2026\"><strong>Lien_HelloAsso<\/strong><\/a><\/p>\n<p style=\"padding-left: 40px;\"><a href=\"http:\/\/foyerrural-lacroixfalgarde.fr\/wp-content\/uploads\/2025\/09\/qrcode-2.png\"><img loading=\"lazy\" class=\"wp-image-2153 alignleft\" src=\"http:\/\/foyerrural-lacroixfalgarde.fr\/wp-content\/uploads\/2025\/09\/qrcode-2.png\" alt=\"\" width=\"99\" height=\"99\" srcset=\"https:\/\/foyerrural-lacroixfalgarde.fr\/wp-content\/uploads\/2025\/09\/qrcode-2.png 600w, https:\/\/foyerrural-lacroixfalgarde.fr\/wp-content\/uploads\/2025\/09\/qrcode-2-300x300.png 300w, https:\/\/foyerrural-lacroixfalgarde.fr\/wp-content\/uploads\/2025\/09\/qrcode-2-150x150.png 150w\" sizes=\"(max-width: 99px) 100vw, 99px\" \/><\/a>Echelonnement 3x possible,<br \/>\nA noter que le site HelloAsso vous rajoutera automatiquement une contribution suppl\u00e9mentaire lors du paiement, qui est <strong>optionnelle<\/strong> et peut \u00eatre ramen\u00e9e \u00e0 0.<\/p>\n<p>&#8211; Virement bancaire : <a href=\"http:\/\/foyerrural-lacroixfalgarde.fr\/wp-content\/uploads\/2024\/09\/iban_FOYER_RURAL_DE_LACROIX_FALGARDE_00020799201-maj-sept21.pdf\"><span style=\"text-decoration: underline;\"><strong>RIB ici<\/strong><\/span><\/a>. Les virements doivent avoir les mentions : NOM et pr\u00e9nom \u00e9l\u00e8ve + NOM de l&rsquo;activit\u00e9<\/p>\n<p>&#8211; ch\u00e8ques ANCV (frais de gestion suppl\u00e9mentaires de 3%) \u00e0 remettre aux membres du bureau.<\/p>\n<p>En cas d&rsquo;impossibilit\u00e9,\u00a0 contactez les membre du bureau pour envisager un paiement par ch\u00e8que.<\/p>\n<p>Merci de nous fournir l&rsquo;ensemble de ces \u00e9l\u00e9ments en un seul envoi, id\u00e9alement en les t\u00e9l\u00e9chargeant lors de votre inscription sur internet, afin de limiter la charge de suivi administratif dans la p\u00e9riode de la rentr\u00e9e, qui ser d\u00e9j\u00e0 tr\u00e8s charg\u00e9e.<\/p>\n<p><strong><span style=\"color: #ff0000;\">Attention !<\/span><\/strong> si certains cours sont \u00e0 leur capacit\u00e9 maximale, le foyer rural peut refuser des inscriptions suppl\u00e9mentaires.<\/p>\n<p>Alors ne tardez pas et inscrivez-vous d\u00e9s maintenant!<\/p>\n<\/div>\n<\/div>\n<\/div>\n<\/div>\n<div id=\"pgc-42-0-2\" class=\"panel-grid-cell panel-grid-cell-empty\" data-weight=\"0.2\"><\/div>\n<\/div>\n<\/div>\n","protected":false},"excerpt":{"rendered":"<p>Pour participer aux activit\u00e9s du Foyer Rural de Lacroix Falgarde, il est n\u00e9cessaire d\u2019adh\u00e9rer au Foyer ou \u00eatre d\u00e9j\u00e0 adh\u00e9rent [&hellip;]<\/p>\n","protected":false},"author":1,"featured_media":0,"parent":529,"menu_order":0,"comment_status":"closed","ping_status":"closed","template":"","meta":[],"_links":{"self":[{"href":"https:\/\/foyerrural-lacroixfalgarde.fr\/index.php\/wp-json\/wp\/v2\/pages\/42"}],"collection":[{"href":"https:\/\/foyerrural-lacroixfalgarde.fr\/index.php\/wp-json\/wp\/v2\/pages"}],"about":[{"href":"https:\/\/foyerrural-lacroixfalgarde.fr\/index.php\/wp-json\/wp\/v2\/types\/page"}],"author":[{"embeddable":true,"href":"https:\/\/foyerrural-lacroixfalgarde.fr\/index.php\/wp-json\/wp\/v2\/users\/1"}],"replies":[{"embeddable":true,"href":"https:\/\/foyerrural-lacroixfalgarde.fr\/index.php\/wp-json\/wp\/v2\/comments?post=42"}],"version-history":[{"count":148,"href":"https:\/\/foyerrural-lacroixfalgarde.fr\/index.php\/wp-json\/wp\/v2\/pages\/42\/revisions"}],"predecessor-version":[{"id":2168,"href":"https:\/\/foyerrural-lacroixfalgarde.fr\/index.php\/wp-json\/wp\/v2\/pages\/42\/revisions\/2168"}],"up":[{"embeddable":true,"href":"https:\/\/foyerrural-lacroixfalgarde.fr\/index.php\/wp-json\/wp\/v2\/pages\/529"}],"wp:attachment":[{"href":"https:\/\/foyerrural-lacroixfalgarde.fr\/index.php\/wp-json\/wp\/v2\/media?parent=42"}],"curies":[{"name":"wp","href":"https:\/\/api.w.org\/{rel}","templated":true}]}}