{"id":37,"date":"2017-08-02T15:37:51","date_gmt":"2017-08-02T13:37:51","guid":{"rendered":"http:\/\/foyerrural-lacroixfalgarde.fr\/?page_id=37"},"modified":"2025-09-03T22:16:16","modified_gmt":"2025-09-03T20:16:16","slug":"horaires-lieux-et-tarifs","status":"publish","type":"page","link":"https:\/\/foyerrural-lacroixfalgarde.fr\/index.php\/info-pratiques\/horaires-lieux-et-tarifs\/","title":{"rendered":"Horaires lieux et tarifs"},"content":{"rendered":"<div id=\"pl-37\" class=\"panel-layout\">\n<div id=\"pg-37-0\" class=\"panel-grid panel-no-style\">\n<div id=\"pgc-37-0-0\" class=\"panel-grid-cell panel-grid-cell-empty\" data-weight=\"1\"><\/div>\n<\/div>\n<div id=\"pg-37-1\" class=\"panel-grid panel-no-style\" data-style=\"{&quot;background_display&quot;:&quot;tile&quot;,&quot;cell_alignment&quot;:&quot;flex-start&quot;}\">\n<div id=\"pgc-37-1-0\" class=\"panel-grid-cell panel-grid-cell-empty\" data-weight=\"0.2\"><\/div>\n<div id=\"pgc-37-1-1\" class=\"panel-grid-cell panel-grid-cell-mobile-last\" data-weight=\"0.6\">\n<div id=\"panel-37-1-1-0\" class=\"so-panel widget widget_sow-editor panel-first-child panel-last-child\" data-index=\"0\" data-style=\"{&quot;background_image_attachment&quot;:false,&quot;background_display&quot;:&quot;tile&quot;}\">\n<div class=\"so-widget-sow-editor so-widget-sow-editor-base\">\n<div class=\"siteorigin-widget-tinymce textwidget\">\n<p><span style=\"color: #3366ff;\"><strong>Horaires des activit\u00e9s :<\/strong><\/span><\/p>\n<p><a href=\"http:\/\/foyerrural-lacroixfalgarde.fr\/wp-content\/uploads\/2025\/08\/planning_25-e1756025430972.jpg\">PLANNING DES ACTIVIT\u00c9S 2025-2026<\/a><\/p>\n<p><span style=\"color: #3366ff;\"><strong>Tarifs<br \/>\n<\/strong><\/span><\/p>\n<p>SPORT : &#8211; <a href=\"http:\/\/foyerrural-lacroixfalgarde.fr\/wp-content\/uploads\/2025\/09\/pass.jpg\">PASS pour toutes les activit\u00e9s sportives<\/a>\u00a0 (250\u20ac) &#8211; possibilit\u00e9 d&rsquo;adh\u00e9sion \u00e0 l&rsquo;unit\u00e9 pour la Gyum douce &#8211; stretching.<\/p>\n<p><span style=\"text-decoration: underline;\"><em>NEW<\/em><\/span><span style=\"font-size: inherit;\">\u00a0 <\/span><a href=\"http:\/\/foyerrural-lacroixfalgarde.fr\/wp-content\/uploads\/2025\/09\/pass.jpg\">Possibilit\u00e9 de PASS pour les activit\u00e9s de danse adulte<\/a><span style=\"font-size: inherit;\"> (Zumba, DanceHall, Street Jazz etc..)<\/span><\/p>\n<p><a href=\"http:\/\/foyerrural-lacroixfalgarde.fr\/wp-content\/uploads\/2025\/09\/autres-tarifs.jpg\">Activit\u00e9s hors musique et sport<\/a><\/p>\n<p><a href=\"http:\/\/foyerrural-lacroixfalgarde.fr\/wp-content\/uploads\/2025\/09\/ecole-musique.jpg\">Ecole de musique<\/a> : modification des tarifs + cours en binome OU individuel pour le piano<\/p>\n<p><span style=\"color: #3366ff;\"><strong>Adresse des salles :<\/strong><\/span><\/p>\n<ul>\n<li>Grande salle, Salle r\u00e9union Foyer, G Faur\u00e9, Goudouly, A Perbosc :<\/li>\n<li style=\"padding-left: 30px;\">Place du Foyer rural, 31120 Lacroix Falgarde<\/li>\n<\/ul>\n<ul>\n<li>Sadacca :<\/li>\n<li style=\"padding-left: 30px;\">Club house du terrain de foot, au ramier<\/li>\n<\/ul>\n<ul>\n<li>F Mistral, D Cazelles :<\/li>\n<li style=\"padding-left: 30px;\">Au fond de la Place du Foyer rural, 31120 Lacroix Falgarde<\/li>\n<\/ul>\n<ul>\n<li>L&rsquo;Orangerie :<\/li>\n<li style=\"padding-left: 30px;\">Route des Pyr\u00e9n\u00e9es, 31120 Lacroix Falgarde<\/li>\n<\/ul>\n<ul>\n<li>Les amis de Fr\u00e9d\u00e9ric :<\/li>\n<li style=\"padding-left: 30px;\">Centre commercial Verte Campagne, 31120 Lacroix Falgarde<\/li>\n<\/ul>\n<ul>\n<li>Ancien dojo :<\/li>\n<li>\u00a0 \u00a0 \u00a0 \u00a0 Ramier, \u00e0 c\u00f4t\u00e9 du terrain de p\u00e9tanque, 31120 Lacroix Falgarde<\/li>\n<\/ul>\n<\/div>\n<\/div>\n<\/div>\n<\/div>\n<div id=\"pgc-37-1-2\" class=\"panel-grid-cell panel-grid-cell-empty\" data-weight=\"0.2\"><\/div>\n<\/div>\n<\/div>\n","protected":false},"excerpt":{"rendered":"<p>Horaires des activit\u00e9s : PLANNING DES ACTIVIT\u00c9S 2025-2026 Tarifs SPORT : &#8211; PASS pour toutes les activit\u00e9s sportives\u00a0 (250\u20ac) &#8211; [&hellip;]<\/p>\n","protected":false},"author":1,"featured_media":0,"parent":529,"menu_order":0,"comment_status":"closed","ping_status":"closed","template":"","meta":[],"_links":{"self":[{"href":"https:\/\/foyerrural-lacroixfalgarde.fr\/index.php\/wp-json\/wp\/v2\/pages\/37"}],"collection":[{"href":"https:\/\/foyerrural-lacroixfalgarde.fr\/index.php\/wp-json\/wp\/v2\/pages"}],"about":[{"href":"https:\/\/foyerrural-lacroixfalgarde.fr\/index.php\/wp-json\/wp\/v2\/types\/page"}],"author":[{"embeddable":true,"href":"https:\/\/foyerrural-lacroixfalgarde.fr\/index.php\/wp-json\/wp\/v2\/users\/1"}],"replies":[{"embeddable":true,"href":"https:\/\/foyerrural-lacroixfalgarde.fr\/index.php\/wp-json\/wp\/v2\/comments?post=37"}],"version-history":[{"count":77,"href":"https:\/\/foyerrural-lacroixfalgarde.fr\/index.php\/wp-json\/wp\/v2\/pages\/37\/revisions"}],"predecessor-version":[{"id":2163,"href":"https:\/\/foyerrural-lacroixfalgarde.fr\/index.php\/wp-json\/wp\/v2\/pages\/37\/revisions\/2163"}],"up":[{"embeddable":true,"href":"https:\/\/foyerrural-lacroixfalgarde.fr\/index.php\/wp-json\/wp\/v2\/pages\/529"}],"wp:attachment":[{"href":"https:\/\/foyerrural-lacroixfalgarde.fr\/index.php\/wp-json\/wp\/v2\/media?parent=37"}],"curies":[{"name":"wp","href":"https:\/\/api.w.org\/{rel}","templated":true}]}}