{"id":238,"date":"2017-08-03T18:38:15","date_gmt":"2017-08-03T16:38:15","guid":{"rendered":"http:\/\/foyerrural-lacroixfalgarde.fr\/?page_id=238"},"modified":"2017-08-03T18:38:15","modified_gmt":"2017-08-03T16:38:15","slug":"cgu","status":"publish","type":"page","link":"https:\/\/foyerrural-lacroixfalgarde.fr\/index.php\/cgu\/","title":{"rendered":"CGU"},"content":{"rendered":"<p>Conditions g\u00e9n\u00e9rales d&rsquo;utilisation du site :<\/p>\n<p>Les informations publi\u00e9es sur ce site sont strictement informatives.<\/p>\n<p>Tous droits r\u00e9serv\u00e9s \u00e0 l\u2019exception de l&rsquo;utilisation autoris\u00e9e par la loi de protection des droits d\u2019auteur. La reproduction du contenu de ce site web, en tout ou partie, est interdite sans la permission \u00e9crite de son responsable (sauf mention particuli\u00e8re), conform\u00e9ment \u00e0 l\u2019article L 122-4 du Code de la Propri\u00e9t\u00e9 intellectuelle. Tout contenu de ce site ne nous appartenant pas est la propri\u00e9t\u00e9 de leurs auteurs respectifs.<\/p>\n<p>Le site est susceptible d\u2019\u00eatre modifi\u00e9 ou mis \u00e0 jour sans pr\u00e9avis.<\/p>\n<p>Le cr\u00e9ateur et le responsable du pr\u00e9sent site Internet ainsi que ses partenaires ou fournisseurs ne pourront \u00eatre tenus responsables d\u2019intrusion, piratage, infection ou cons\u00e9quence li\u00e9s \u00e0 l\u2019utilisation du pr\u00e9sent site Internet.<\/p>\n<p>&nbsp;<\/p>\n","protected":false},"excerpt":{"rendered":"<p>Conditions g\u00e9n\u00e9rales d&rsquo;utilisation du site : Les informations publi\u00e9es sur ce site sont strictement informatives. Tous droits r\u00e9serv\u00e9s \u00e0 l\u2019exception [&hellip;]<\/p>\n","protected":false},"author":1,"featured_media":0,"parent":0,"menu_order":0,"comment_status":"closed","ping_status":"closed","template":"","meta":[],"_links":{"self":[{"href":"https:\/\/foyerrural-lacroixfalgarde.fr\/index.php\/wp-json\/wp\/v2\/pages\/238"}],"collection":[{"href":"https:\/\/foyerrural-lacroixfalgarde.fr\/index.php\/wp-json\/wp\/v2\/pages"}],"about":[{"href":"https:\/\/foyerrural-lacroixfalgarde.fr\/index.php\/wp-json\/wp\/v2\/types\/page"}],"author":[{"embeddable":true,"href":"https:\/\/foyerrural-lacroixfalgarde.fr\/index.php\/wp-json\/wp\/v2\/users\/1"}],"replies":[{"embeddable":true,"href":"https:\/\/foyerrural-lacroixfalgarde.fr\/index.php\/wp-json\/wp\/v2\/comments?post=238"}],"version-history":[{"count":1,"href":"https:\/\/foyerrural-lacroixfalgarde.fr\/index.php\/wp-json\/wp\/v2\/pages\/238\/revisions"}],"predecessor-version":[{"id":240,"href":"https:\/\/foyerrural-lacroixfalgarde.fr\/index.php\/wp-json\/wp\/v2\/pages\/238\/revisions\/240"}],"wp:attachment":[{"href":"https:\/\/foyerrural-lacroixfalgarde.fr\/index.php\/wp-json\/wp\/v2\/media?parent=238"}],"curies":[{"name":"wp","href":"https:\/\/api.w.org\/{rel}","templated":true}]}}