{"id":2112,"date":"2025-08-31T09:49:07","date_gmt":"2025-08-31T07:49:07","guid":{"rendered":"http:\/\/foyerrural-lacroixfalgarde.fr\/?page_id=2112"},"modified":"2025-09-03T21:47:10","modified_gmt":"2025-09-03T19:47:10","slug":"theatre-amateur","status":"publish","type":"page","link":"https:\/\/foyerrural-lacroixfalgarde.fr\/index.php\/activites\/theatre-amateur\/","title":{"rendered":"Th\u00e9\u00e2tre amateur"},"content":{"rendered":"<p><strong><a href=\"http:\/\/foyerrural-lacroixfalgarde.fr\/wp-content\/uploads\/2025\/09\/IMG-20250329-WA0003.jpg\"><img loading=\"lazy\" class=\"alignnone size-large wp-image-2154\" src=\"http:\/\/foyerrural-lacroixfalgarde.fr\/wp-content\/uploads\/2025\/09\/IMG-20250329-WA0003-1024x768.jpg\" alt=\"\" width=\"780\" height=\"585\" srcset=\"https:\/\/foyerrural-lacroixfalgarde.fr\/wp-content\/uploads\/2025\/09\/IMG-20250329-WA0003-1024x768.jpg 1024w, https:\/\/foyerrural-lacroixfalgarde.fr\/wp-content\/uploads\/2025\/09\/IMG-20250329-WA0003-300x225.jpg 300w, https:\/\/foyerrural-lacroixfalgarde.fr\/wp-content\/uploads\/2025\/09\/IMG-20250329-WA0003-768x576.jpg 768w, https:\/\/foyerrural-lacroixfalgarde.fr\/wp-content\/uploads\/2025\/09\/IMG-20250329-WA0003.jpg 1448w\" sizes=\"(max-width: 780px) 100vw, 780px\" \/><\/a><\/strong><\/p>\n<p><strong> Il est possible de s&rsquo;inscrire \u00e0 une activit\u00e9 de th\u00e9\u00e2tre amateur adulte<\/strong>, propos\u00e9e gr\u00e2ce \u00e0 une collaboration avec le foyer rural de Vieille-Toulouse.<\/p>\n<p><strong>Pr\u00e9paration et repr\u00e9sentations d&rsquo;un nouveau spectacle chaque ann\u00e9e, \u00e0 Lacroix Falgarde et Vieille Toulouse<\/strong> (+ autres repr\u00e9sentations selon les demandes possibles)<\/p>\n<p>Inscription gratuite (en dehors de l&rsquo;adh\u00e9sion au foyer rural), mais assiduit\u00e9 et disponibilit\u00e9 attendues pour les r\u00e9p\u00e9titions et les repr\u00e9sentations. R\u00e9p\u00e9titions les mercredis \u00e0 20h15 \u00e0 la maison des associations de Vieille-Toulouse<br \/>\nLes inscriptions seront possibles en fonction des projets en cours et besoins en acteurs de la troupe.<br \/>\nMais il y a toujours besoin de nouveaux acteurs&#8230; Ainsi que de r\u00e9gisseurs son et lumi\u00e8re, d\u00e9corateurs\/d\u00e9coratrices, costumier(e)s (si vous ne vous sentez pas de monter sur les planches).<\/p>\n<p>N&rsquo;h\u00e9sitez pas \u00e0 contacter le metteur en sc\u00e8ne, Henri NICOL au 06 64 81 25 58, pour venir rencontrer la troupe.<\/p>\n","protected":false},"excerpt":{"rendered":"<p>Il est possible de s&rsquo;inscrire \u00e0 une activit\u00e9 de th\u00e9\u00e2tre amateur adulte, propos\u00e9e gr\u00e2ce \u00e0 une collaboration avec le foyer [&hellip;]<\/p>\n","protected":false},"author":1,"featured_media":0,"parent":9,"menu_order":0,"comment_status":"closed","ping_status":"closed","template":"","meta":[],"_links":{"self":[{"href":"https:\/\/foyerrural-lacroixfalgarde.fr\/index.php\/wp-json\/wp\/v2\/pages\/2112"}],"collection":[{"href":"https:\/\/foyerrural-lacroixfalgarde.fr\/index.php\/wp-json\/wp\/v2\/pages"}],"about":[{"href":"https:\/\/foyerrural-lacroixfalgarde.fr\/index.php\/wp-json\/wp\/v2\/types\/page"}],"author":[{"embeddable":true,"href":"https:\/\/foyerrural-lacroixfalgarde.fr\/index.php\/wp-json\/wp\/v2\/users\/1"}],"replies":[{"embeddable":true,"href":"https:\/\/foyerrural-lacroixfalgarde.fr\/index.php\/wp-json\/wp\/v2\/comments?post=2112"}],"version-history":[{"count":7,"href":"https:\/\/foyerrural-lacroixfalgarde.fr\/index.php\/wp-json\/wp\/v2\/pages\/2112\/revisions"}],"predecessor-version":[{"id":2159,"href":"https:\/\/foyerrural-lacroixfalgarde.fr\/index.php\/wp-json\/wp\/v2\/pages\/2112\/revisions\/2159"}],"up":[{"embeddable":true,"href":"https:\/\/foyerrural-lacroixfalgarde.fr\/index.php\/wp-json\/wp\/v2\/pages\/9"}],"wp:attachment":[{"href":"https:\/\/foyerrural-lacroixfalgarde.fr\/index.php\/wp-json\/wp\/v2\/media?parent=2112"}],"curies":[{"name":"wp","href":"https:\/\/api.w.org\/{rel}","templated":true}]}}