{"id":20,"date":"2017-08-02T14:42:13","date_gmt":"2017-08-02T12:42:13","guid":{"rendered":"http:\/\/foyerrural-lacroixfalgarde.fr\/?page_id=20"},"modified":"2025-08-31T09:09:38","modified_gmt":"2025-08-31T07:09:38","slug":"sport-et-bien-etre","status":"publish","type":"page","link":"https:\/\/foyerrural-lacroixfalgarde.fr\/index.php\/activites\/sport-et-bien-etre\/","title":{"rendered":"Sport et bien-\u00eatre"},"content":{"rendered":"<div id=\"pl-20\" class=\"panel-layout\">\n<div id=\"pg-20-0\" class=\"panel-grid panel-no-style\">\n<div id=\"pgc-20-0-0\" class=\"panel-grid-cell\" data-weight=\"1\">\n<div id=\"panel-20-0-0-0\" class=\"so-panel widget widget_themegrill_flash_image tg-widget tg-image-widget panel-first-child panel-last-child\" data-index=\"0\" data-style=\"{&quot;background_image_attachment&quot;:false,&quot;background_display&quot;:&quot;tile&quot;}\">\t<img src=\"http:\/\/foyerrural-lacroixfalgarde.fr\/wp-content\/uploads\/2017\/08\/yoga-enfants.jpg\" \/>\n<\/div>\n<\/div>\n<\/div>\n<div id=\"pg-20-1\" class=\"panel-grid panel-no-style\" data-style=\"{&quot;background_display&quot;:&quot;tile&quot;,&quot;cell_alignment&quot;:&quot;flex-start&quot;}\">\n<div id=\"pgc-20-1-0\" class=\"panel-grid-cell panel-grid-cell-empty\" data-weight=\"0.2\"><\/div>\n<div id=\"pgc-20-1-1\" class=\"panel-grid-cell panel-grid-cell-mobile-last\" data-weight=\"0.6\">\n<div id=\"panel-20-1-1-0\" class=\"so-panel widget widget_sow-editor panel-first-child panel-last-child\" data-index=\"1\" data-style=\"{&quot;background_image_attachment&quot;:false,&quot;background_display&quot;:&quot;tile&quot;}\">\n<div class=\"so-widget-sow-editor so-widget-sow-editor-base\">\n<div class=\"siteorigin-widget-tinymce textwidget\">\n<p>Pour garder la forme ou la retrouver, pour prendre soin de soi et se faire du bien.<\/p>\n<p><img loading=\"lazy\" class=\"size-full wp-image-264 alignright\" src=\"http:\/\/foyerrural-lacroixfalgarde.fr\/wp-content\/uploads\/2017\/08\/picto-sport-foyerrural-lacroixfalgarde-copie.jpg\" alt=\"picto-sport-foyerrural-lacroixfalgarde - copie\" width=\"150\" height=\"90\" \/><\/p>\n<p>Les cours propos\u00e9s accueillent <strong>tous les publics \u00e0 partir de 16 ans,<\/strong> de tous niveaux. L\u00e0 aussi, de nombreuses nouvelles activit\u00e9s vous sont propos\u00e9es.<\/p>\n<h6 style=\"text-align: left;\"><span style=\"color: #98d5df;\"><strong>Gymnastique douce :<\/strong><\/span><\/h6>\n<p style=\"text-align: left; padding-left: 30px;\"><strong>Renforcement musculaire sp\u00e9cifique<\/strong> de l\u2019ensemble du corps, par des exercices d&rsquo;intensit\u00e9 mod\u00e9re, suivi d\u2019un stretching profond.<\/p>\n<h6 style=\"text-align: left;\"><span style=\"color: #98d5df;\"><strong>HIIT (High Intensity Training) :<\/strong><\/span><\/h6>\n<p style=\"text-align: left; padding-left: 30px;\">Le\u00a0<strong>HIIT<\/strong>\u00a0est un entra\u00eenement par\u00a0<strong>intervalles \u00e0 haute intensit\u00e9<\/strong>. Quoi d\u2019autre ? Le HIIT est un excellent entra\u00eenement pour\u00a0<strong>acc\u00e9l\u00e9rer la perte de graisse et am\u00e9liorer votre endurance<\/strong>\u00a0a\u00e9robie et ana\u00e9robie. . Vous trouverez plus de d\u00e9tails <a href=\"https:\/\/www.dr-muscu.fr\/hiit-definition-bienfaits\/\">ici\u00a0<\/a><\/p>\n<\/div>\n<h6 style=\"text-align: left;\"><span style=\"color: #98d5df;\"><strong>CAF (Cuisse Abdo Fessier) &#8211; Renforcement \u00f9usculaire :<\/strong><\/span><\/h6>\n<p style=\"text-align: left; padding-left: 30px;\"><strong>Exercices de Renforcement ciblant plus sp\u00e9cifiquement certains groupes musculaires profonds<\/strong>, visant \u00e0 tonifier ces derniers pour une meilleur forme au quotidien<\/p>\n<div class=\"siteorigin-widget-tinymce textwidget\">\n<h6><span style=\"color: #98d5df;\"><strong>Circuit training outdoor<br \/>\n<\/strong><\/span><\/h6>\n<p style=\"padding-left: 30px;\">Le circuit training consiste en un <strong>encha\u00eenement d\u2019exercices vari\u00e9s <\/strong>(8 \u00e0 12) visant chacun un groupe musculaire diff\u00e9rent, avec un temps de repos quasi inexistant entre les exercices d&rsquo;un m\u00eame cycle. <strong>Chaque atelier dure entre 15 et 45 secondes<\/strong>. Une fois le circuit termin\u00e9, et quelques minutes de repos, il faudra alors le recommencer.\u00a0 Activit\u00e9 r\u00e9alis\u00e9e en ext\u00e9rieur (en salle si trop mauvais temps).<\/p>\n<h6 style=\"text-align: left;\"><span style=\"color: #98d5df;\"><strong>Y<span style=\"color: #98d5df;\">oga<\/span> :<\/strong><\/span><\/h6>\n<p style=\"text-align: left; padding-left: 30px;\">\u00ab\u00a0Le yoga est l\u2019arr\u00eat des tourbillons mentaux\u00a0; alors l\u2019\u00eatre retrouve sa forme propre\u00a0\u00bb Patanjali (400 av J.-C.). Le Hatha-yoga traditionnel pratiqu\u00e9 est bas\u00e9 sur des encha\u00eenements d\u2019exercices d\u2019assouplissement et de renforcement musculaire, accompagn\u00e9s d\u2019un travail du souffle et de recharge d\u2019\u00e9nergie. Des exercices de concentration\/m\u00e9ditation viennent compl\u00e9ter la pratique corporelle. L\u2019ensemble permet d\u2019aller vers une meilleure connaissance de soi (physiquement et mentalement), vers plus d\u2019int\u00e9riorit\u00e9, de stabilit\u00e9 et de s\u00e9r\u00e9nit\u00e9.<\/p>\n<h6 style=\"text-align: left;\"><span style=\"color: #98d5df;\"><strong>Pilates :<\/strong><\/span><\/h6>\n<p style=\"text-align: left; padding-left: 30px;\">L\u2019objectif des exercices est <strong>le d\u00e9veloppement des muscles profonds,<\/strong> avec une am\u00e9lioration de la posture, un <strong>\u00e9quilibrage<\/strong> musculaire et l&rsquo;assouplissement articulaire. Ils permettent un entretien, une am\u00e9lioration ou une restauration des fonctions physiques.<\/p>\n<p style=\"text-align: left; padding-left: 30px;\">\n<\/div>\n<\/div>\n<\/div>\n<\/div>\n<div id=\"pgc-20-1-2\" class=\"panel-grid-cell panel-grid-cell-empty\" data-weight=\"0.2\"><\/div>\n<\/div>\n<\/div>\n","protected":false},"excerpt":{"rendered":"<p>Pour garder la forme ou la retrouver, pour prendre soin de soi et se faire du bien. Les cours propos\u00e9s [&hellip;]<\/p>\n","protected":false},"author":1,"featured_media":0,"parent":9,"menu_order":0,"comment_status":"closed","ping_status":"closed","template":"","meta":[],"_links":{"self":[{"href":"https:\/\/foyerrural-lacroixfalgarde.fr\/index.php\/wp-json\/wp\/v2\/pages\/20"}],"collection":[{"href":"https:\/\/foyerrural-lacroixfalgarde.fr\/index.php\/wp-json\/wp\/v2\/pages"}],"about":[{"href":"https:\/\/foyerrural-lacroixfalgarde.fr\/index.php\/wp-json\/wp\/v2\/types\/page"}],"author":[{"embeddable":true,"href":"https:\/\/foyerrural-lacroixfalgarde.fr\/index.php\/wp-json\/wp\/v2\/users\/1"}],"replies":[{"embeddable":true,"href":"https:\/\/foyerrural-lacroixfalgarde.fr\/index.php\/wp-json\/wp\/v2\/comments?post=20"}],"version-history":[{"count":34,"href":"https:\/\/foyerrural-lacroixfalgarde.fr\/index.php\/wp-json\/wp\/v2\/pages\/20\/revisions"}],"predecessor-version":[{"id":2095,"href":"https:\/\/foyerrural-lacroixfalgarde.fr\/index.php\/wp-json\/wp\/v2\/pages\/20\/revisions\/2095"}],"up":[{"embeddable":true,"href":"https:\/\/foyerrural-lacroixfalgarde.fr\/index.php\/wp-json\/wp\/v2\/pages\/9"}],"wp:attachment":[{"href":"https:\/\/foyerrural-lacroixfalgarde.fr\/index.php\/wp-json\/wp\/v2\/media?parent=20"}],"curies":[{"name":"wp","href":"https:\/\/api.w.org\/{rel}","templated":true}]}}