{"id":17,"date":"2017-08-02T14:41:31","date_gmt":"2017-08-02T12:41:31","guid":{"rendered":"http:\/\/foyerrural-lacroixfalgarde.fr\/?page_id=17"},"modified":"2025-08-24T11:49:28","modified_gmt":"2025-08-24T09:49:28","slug":"musique","status":"publish","type":"page","link":"https:\/\/foyerrural-lacroixfalgarde.fr\/index.php\/activites\/musique\/","title":{"rendered":"Musique"},"content":{"rendered":"<div id=\"pl-17\" class=\"panel-layout\">\n<div id=\"pg-17-0\" class=\"panel-grid panel-no-style\">\n<div id=\"pgc-17-0-0\" class=\"panel-grid-cell\" data-weight=\"1\">\n<div id=\"panel-17-0-0-0\" class=\"so-panel widget widget_themegrill_flash_image tg-widget tg-image-widget panel-first-child panel-last-child\" data-index=\"0\" data-style=\"{&quot;padding&quot;:&quot;100px 100px 100px 100px&quot;,&quot;background_image_attachment&quot;:false,&quot;background_display&quot;:&quot;tile&quot;}\">\n<div class=\"panel-widget-style panel-widget-style-for-17-0-0-0\">\t<img src=\"http:\/\/foyerrural-lacroixfalgarde.fr\/wp-content\/uploads\/2019\/07\/Foyer-rura-lacroix-falgarde-2019-concert.png\" \/>\n<\/div>\n<\/div>\n<\/div>\n<\/div>\n<div id=\"pg-17-1\" class=\"panel-grid panel-no-style\" data-style=\"{&quot;background_display&quot;:&quot;tile&quot;,&quot;cell_alignment&quot;:&quot;flex-start&quot;}\">\n<div id=\"pgc-17-1-0\" class=\"panel-grid-cell panel-grid-cell-empty\" data-weight=\"0.2\"><\/div>\n<div id=\"pgc-17-1-1\" class=\"panel-grid-cell panel-grid-cell-mobile-last\" data-weight=\"0.6\">\n<div id=\"panel-17-1-1-0\" class=\"so-panel widget widget_sow-editor panel-first-child panel-last-child\" data-index=\"1\" data-style=\"{&quot;background_image_attachment&quot;:false,&quot;background_display&quot;:&quot;tile&quot;}\">\n<div class=\"so-widget-sow-editor so-widget-sow-editor-base\">\n<div class=\"siteorigin-widget-tinymce textwidget\">\n<p>L&rsquo;Ecole de Musique du Foyer Rural de Lacroix Falgarde est une \u00e9cole de musique de type 1,\u00a0 conform\u00e9ment aux crit\u00e8res de l&rsquo;Association D\u00e9partementale pour le D\u00e9veloppement des Arts en Haute-Garonne\u00a0\u00a0 (ADDA31).<\/p>\n<p>Les enfants peuvent d\u00e9marrer des cours d&rsquo;instrument \u00e0 partir de l&rsquo;\u00e2ge de 6 ans. Ils doivent obligatoirement suivre le cursus qui comprend, outre les cours d&rsquo;instrument, un cours de formation Musicale.<\/p>\n<p>Les cours propos\u00e9s dans le cadre de l\u2019\u00c9cole de Musique sont,<\/p>\n<ul>\n<li>soit individuels pour la pratique d&rsquo;un instrument,<\/li>\n<li>soit possiblement par groupe de deux pour le piano,<\/li>\n<li>soit collectifs pour la Musique d&rsquo;ensemble et La Formation Musicale.<br \/>\n<img loading=\"lazy\" class=\"size-full wp-image-263 alignright\" src=\"http:\/\/foyerrural-lacroixfalgarde.fr\/wp-content\/uploads\/2017\/08\/picto-musique-foyerrural-lacroixfalgarde-copie.jpg\" alt=\"picto-musique-foyerrural-lacroixfalgarde - copie\" width=\"100\" height=\"83\" \/><\/li>\n<\/ul>\n<p>Des auditions publiques sont pr\u00e9vues en cours d&rsquo;ann\u00e9e afin de favoriser des moments de rencontre dans une ambiance familiale et amicale o\u00f9 chaque \u00e9l\u00e8ve pourra s&rsquo;exprimer et faire d\u00e9couvrir aux auditeurs de nouveaux morceaux et interpr\u00e9tations&#8230;<\/p>\n<h6 style=\"text-align: left;\"><span style=\"color: #f6d257;\"><strong>Guitare :<\/strong><\/span><\/h6>\n<p style=\"text-align: left; padding-left: 30px;\">Tous les styles peuvent \u00eatre \u00e9tudi\u00e9s<\/p>\n<h6 style=\"text-align: left;\"><span style=\"color: #f6d257;\"><strong>Batterie :<\/strong><\/span><\/h6>\n<p style=\"text-align: left; padding-left: 30px;\">Tous les styles peuvent \u00eatre \u00e9tudi\u00e9s<\/p>\n<h6 style=\"text-align: left;\"><span style=\"color: #f6d257;\"><strong>Piano :<\/strong><\/span><\/h6>\n<p style=\"text-align: left; padding-left: 30px;\">Tous les styles peuvent \u00eatre \u00e9tudi\u00e9s. Cours individuels ou par groupe de 2 (un binome de niveau \u00e9quivalent sera propos\u00e9)<\/p>\n<h6 style=\"text-align: left;\"><span style=\"color: #f6d257;\"><strong>Formation musicale :<\/strong><\/span><\/h6>\n<p style=\"text-align: left; padding-left: 30px;\">N\u00e9cessaire pour tout apprentissage musical<\/p>\n<\/div>\n<\/div>\n<\/div>\n<\/div>\n<div id=\"pgc-17-1-2\" class=\"panel-grid-cell panel-grid-cell-empty\" data-weight=\"0.2\"><\/div>\n<\/div>\n<\/div>\n","protected":false},"excerpt":{"rendered":"<p>L&rsquo;Ecole de Musique du Foyer Rural de Lacroix Falgarde est une \u00e9cole de musique de type 1,\u00a0 conform\u00e9ment aux crit\u00e8res [&hellip;]<\/p>\n","protected":false},"author":1,"featured_media":0,"parent":9,"menu_order":0,"comment_status":"closed","ping_status":"closed","template":"","meta":[],"_links":{"self":[{"href":"https:\/\/foyerrural-lacroixfalgarde.fr\/index.php\/wp-json\/wp\/v2\/pages\/17"}],"collection":[{"href":"https:\/\/foyerrural-lacroixfalgarde.fr\/index.php\/wp-json\/wp\/v2\/pages"}],"about":[{"href":"https:\/\/foyerrural-lacroixfalgarde.fr\/index.php\/wp-json\/wp\/v2\/types\/page"}],"author":[{"embeddable":true,"href":"https:\/\/foyerrural-lacroixfalgarde.fr\/index.php\/wp-json\/wp\/v2\/users\/1"}],"replies":[{"embeddable":true,"href":"https:\/\/foyerrural-lacroixfalgarde.fr\/index.php\/wp-json\/wp\/v2\/comments?post=17"}],"version-history":[{"count":25,"href":"https:\/\/foyerrural-lacroixfalgarde.fr\/index.php\/wp-json\/wp\/v2\/pages\/17\/revisions"}],"predecessor-version":[{"id":2084,"href":"https:\/\/foyerrural-lacroixfalgarde.fr\/index.php\/wp-json\/wp\/v2\/pages\/17\/revisions\/2084"}],"up":[{"embeddable":true,"href":"https:\/\/foyerrural-lacroixfalgarde.fr\/index.php\/wp-json\/wp\/v2\/pages\/9"}],"wp:attachment":[{"href":"https:\/\/foyerrural-lacroixfalgarde.fr\/index.php\/wp-json\/wp\/v2\/media?parent=17"}],"curies":[{"name":"wp","href":"https:\/\/api.w.org\/{rel}","templated":true}]}}