{"id":11,"date":"2017-08-02T14:37:50","date_gmt":"2017-08-02T12:37:50","guid":{"rendered":"http:\/\/foyerrural-lacroixfalgarde.fr\/?page_id=11"},"modified":"2022-09-04T15:33:29","modified_gmt":"2022-09-04T13:33:29","slug":"danse","status":"publish","type":"page","link":"https:\/\/foyerrural-lacroixfalgarde.fr\/index.php\/activites\/danse\/","title":{"rendered":"Danse"},"content":{"rendered":"<div id=\"pl-11\"  class=\"panel-layout\" ><div id=\"pg-11-0\"  class=\"panel-grid panel-no-style\" ><div id=\"pgc-11-0-0\"  class=\"panel-grid-cell\" ><div id=\"panel-11-0-0-0\" class=\"so-panel widget widget_themegrill_flash_image tg-widget tg-image-widget panel-first-child panel-last-child\" data-index=\"0\" >\t<img src=\"http:\/\/foyerrural-lacroixfalgarde.fr\/wp-content\/uploads\/2017\/08\/Foyer-rural-Lacroix-Falgarde-zumba-1b-copie.jpg\" \/>\n<\/div><\/div><\/div><div id=\"pg-11-1\"  class=\"panel-grid panel-no-style\" ><div id=\"pgc-11-1-0\"  class=\"panel-grid-cell panel-grid-cell-empty\" ><\/div><div id=\"pgc-11-1-1\"  class=\"panel-grid-cell panel-grid-cell-mobile-last\" ><div id=\"panel-11-1-1-0\" class=\"so-panel widget widget_sow-editor panel-first-child panel-last-child\" data-index=\"1\" ><div class=\"so-widget-sow-editor so-widget-sow-editor-base\">\n<div class=\"siteorigin-widget-tinymce textwidget\">\n\t<p>Qu\u2019elle soit activit\u00e9 ludique ou r\u00e9el apprentissage de techniques, la danse est par excellence un moyen d\u2019expression du corps, mais aussi de renforcement musculaire et d\u2019assouplissement. Accompagn\u00e9e de musique et de rythme, elle est avant tout synonyme de plaisir.<\/p>\n<p>Nous proposons un large panel de types de danses, pour les petits comme pour les grands. Cette ann\u00e9e encore, de nouvelles activit\u00e9s viennent compl\u00e9ter notre offre.<\/p>\n<p>Chaque fin d\u2019ann\u00e9e scolaire, un gala de danse est organis\u00e9.<\/p>\n<h6><span style=\"color: #d12fcc;\"><strong>\u00c9veil \u00e0 la danse (-4-6 ans) :<\/strong><\/span><\/h6>\n<p class=\"font_8\" style=\"padding-left: 40px;\">Le cours d\u2019Eveil est essentiellement un atelier de d\u00e9couverte autour de la danse. L\u2019enfant va d\u00e9couvrir son corps (percevoir, localiser, diff\u00e9rencier), la musique associ\u00e9e \u00e0 la danse (\u00e9couter, danser en rythme, percevoir diff\u00e9rentes dynamiques et \u00e9nergies), la notion d\u2019espace (percevoir le corps dans l\u2019espace, comprendre l\u2019espace comme lignes, formes, volumes et niveaux) et les autres \u00e9l\u00e8ves (d\u00e9velopper la pratique collective, le partage, l\u2019\u00e9coute\u2026)<\/p>\n<h6 style=\"text-align: left;\"><span style=\"color: #d12f76;\"><strong><span style=\"color: #d12fcc;\">Danse classique (6-10 ans et 11-15 ans) :<\/span><br \/>\n<\/strong><\/span><\/h6>\n<p style=\"text-align: left; padding-left: 30px;\">Base de nombreuses autres danses, la danse classique commence par l\u2019apprentissage de la coordination du corps, de l\u2019espace, du rythme. L\u2019\u00e9volution dans les niveaux permet d\u2019appr\u00e9hender des techniques plus pr\u00e9cises : sauts, tours, d\u00e9placements\u2026<\/p>\n<h6><span style=\"color: #ff00ff;\"><strong>Danse classique (adultes) :<\/strong><\/span><\/h6>\n<p style=\"padding-left: 40px;\">Que vous ayez pratiqu\u00e9 plus jeune ou que vous souhaitiez vous initier \u00e0 cet art, ce cours permet \u00e0 toutes et tous les pratiquants de se d\u00e9penser, se tonifier, mais aussi \u00e9voluer sur de la musique, acqu\u00e9rir le sens du rythme, se sentir mieux dans son corps.<\/p>\n<h6 style=\"text-align: left;\"><span style=\"color: #ff00ff;\"><strong>Danse moderne (enfant-ado-adultes) :<\/strong><\/span><\/h6>\n<p style=\"text-align: left; padding-left: 30px;\">S'agissant d'une forme de danse de sc\u00e8ne, la danse moderne est une danse dite \u00ab dans le sol \u00bb, c\u2019est-\u00e0-dire qu\u2019elle inclut des s\u00e9quences de mouvements sur jambes pli\u00e9es. Elle est caract\u00e9ris\u00e9e \u00e9galement par l'utilisation de positions de pieds et de bras parall\u00e8les.<\/p>\n<h6 style=\"text-align: left;\"><span style=\"color: #ff00ff;\"><strong>Street-Jazz (15+ et adultes):<\/strong><\/span><\/h6>\n<p style=\"text-align: left; padding-left: 30px;\">Le street jazz est une discipline \u00e0 mi-chemin entre le hip hop et le modern jazz. Il s'agit d'un travail sur l'\u00e9nergie, le rythme, les silences et les arr\u00eats. Il s'inspire g\u00e9n\u00e9ralement de musiques actuelles pop, voire \u00e9lectro. Sur fond urbain, le street-jazz apporte pr\u00e9cision, expressivit\u00e9 et coordination. Les mouvements sont amples, pr\u00e9cis et tr\u00e8s largement inspir\u00e9s du style jazz<sup id=\"cite_ref-1\" class=\"reference\"><\/sup>.<\/p>\n<\/div>\n<\/div><\/div><\/div><div id=\"pgc-11-1-2\"  class=\"panel-grid-cell panel-grid-cell-empty\" ><\/div><\/div><\/div>","protected":false},"excerpt":{"rendered":"<p>Qu\u2019elle soit activit\u00e9 ludique ou r\u00e9el apprentissage de techniques, la danse est par excellence un moyen d\u2019expression du corps, mais [&hellip;]<\/p>\n","protected":false},"author":1,"featured_media":0,"parent":9,"menu_order":0,"comment_status":"closed","ping_status":"closed","template":"","meta":[],"_links":{"self":[{"href":"https:\/\/foyerrural-lacroixfalgarde.fr\/index.php\/wp-json\/wp\/v2\/pages\/11"}],"collection":[{"href":"https:\/\/foyerrural-lacroixfalgarde.fr\/index.php\/wp-json\/wp\/v2\/pages"}],"about":[{"href":"https:\/\/foyerrural-lacroixfalgarde.fr\/index.php\/wp-json\/wp\/v2\/types\/page"}],"author":[{"embeddable":true,"href":"https:\/\/foyerrural-lacroixfalgarde.fr\/index.php\/wp-json\/wp\/v2\/users\/1"}],"replies":[{"embeddable":true,"href":"https:\/\/foyerrural-lacroixfalgarde.fr\/index.php\/wp-json\/wp\/v2\/comments?post=11"}],"version-history":[{"count":40,"href":"https:\/\/foyerrural-lacroixfalgarde.fr\/index.php\/wp-json\/wp\/v2\/pages\/11\/revisions"}],"predecessor-version":[{"id":1846,"href":"https:\/\/foyerrural-lacroixfalgarde.fr\/index.php\/wp-json\/wp\/v2\/pages\/11\/revisions\/1846"}],"up":[{"embeddable":true,"href":"https:\/\/foyerrural-lacroixfalgarde.fr\/index.php\/wp-json\/wp\/v2\/pages\/9"}],"wp:attachment":[{"href":"https:\/\/foyerrural-lacroixfalgarde.fr\/index.php\/wp-json\/wp\/v2\/media?parent=11"}],"curies":[{"name":"wp","href":"https:\/\/api.w.org\/{rel}","templated":true}]}}