{"id":103,"date":"2017-08-03T01:21:33","date_gmt":"2017-08-02T23:21:33","guid":{"rendered":"http:\/\/foyerrural-lacroixfalgarde.fr\/?page_id=103"},"modified":"2024-10-02T21:40:16","modified_gmt":"2024-10-02T19:40:16","slug":"lequipe","status":"publish","type":"page","link":"https:\/\/foyerrural-lacroixfalgarde.fr\/index.php\/qui-sommes-nous\/lequipe\/","title":{"rendered":"Le bureau"},"content":{"rendered":"<div id=\"pl-103\"  class=\"panel-layout\" ><div id=\"pg-103-0\"  class=\"panel-grid panel-no-style\" ><div id=\"pgc-103-0-0\"  class=\"panel-grid-cell panel-grid-cell-empty\" ><\/div><\/div><div id=\"pg-103-1\"  class=\"panel-grid panel-no-style\" ><div id=\"pgc-103-1-0\"  class=\"panel-grid-cell panel-grid-cell-empty\" ><\/div><div id=\"pgc-103-1-1\"  class=\"panel-grid-cell panel-grid-cell-mobile-last\" ><div id=\"panel-103-1-1-0\" class=\"so-panel widget widget_sow-editor panel-first-child panel-last-child\" data-index=\"0\" ><div class=\"so-widget-sow-editor so-widget-sow-editor-base\">\n<div class=\"siteorigin-widget-tinymce textwidget\">\n\t<h6><span style=\"color: #ee572f;\">Conseil d'administration du Foyer rural de Lacroix Falgarde \u00e9lu le 20 avril 2021 :<\/span><\/h6>\n<ul>\n<li>Pr\u00e9sident : Philippe Gruson<\/li>\n<li>Pr\u00e9sident Adjoint : Maxime Pages<\/li>\n<li>Tr\u00e9sori\u00e8re : Alix Molieres<\/li>\n<li>Tr\u00e9sorier Adjoint : Loic Ten hage<\/li>\n<li>Secr\u00e9taire : Perrine Unal<\/li>\n<li>Secr\u00e9taire Adjointe : Julien Mansilla<\/li>\n<\/ul>\n<h6><span style=\"color: #ee572f;\">Membres actifs\u00a0du Foyer rural de Lacroix Falgarde\u00a0:<\/span><\/h6>\n<ul>\n<li><\/li>\n<\/ul>\n<\/div>\n<\/div><\/div><\/div><div id=\"pgc-103-1-2\"  class=\"panel-grid-cell panel-grid-cell-empty\" ><\/div><\/div><\/div>","protected":false},"excerpt":{"rendered":"<p>Conseil d&rsquo;administration du Foyer rural de Lacroix Falgarde \u00e9lu le 20 avril 2021 : Pr\u00e9sident : Philippe Gruson Pr\u00e9sident Adjoint [&hellip;]<\/p>\n","protected":false},"author":1,"featured_media":0,"parent":48,"menu_order":0,"comment_status":"closed","ping_status":"closed","template":"","meta":[],"_links":{"self":[{"href":"https:\/\/foyerrural-lacroixfalgarde.fr\/index.php\/wp-json\/wp\/v2\/pages\/103"}],"collection":[{"href":"https:\/\/foyerrural-lacroixfalgarde.fr\/index.php\/wp-json\/wp\/v2\/pages"}],"about":[{"href":"https:\/\/foyerrural-lacroixfalgarde.fr\/index.php\/wp-json\/wp\/v2\/types\/page"}],"author":[{"embeddable":true,"href":"https:\/\/foyerrural-lacroixfalgarde.fr\/index.php\/wp-json\/wp\/v2\/users\/1"}],"replies":[{"embeddable":true,"href":"https:\/\/foyerrural-lacroixfalgarde.fr\/index.php\/wp-json\/wp\/v2\/comments?post=103"}],"version-history":[{"count":35,"href":"https:\/\/foyerrural-lacroixfalgarde.fr\/index.php\/wp-json\/wp\/v2\/pages\/103\/revisions"}],"predecessor-version":[{"id":2044,"href":"https:\/\/foyerrural-lacroixfalgarde.fr\/index.php\/wp-json\/wp\/v2\/pages\/103\/revisions\/2044"}],"up":[{"embeddable":true,"href":"https:\/\/foyerrural-lacroixfalgarde.fr\/index.php\/wp-json\/wp\/v2\/pages\/48"}],"wp:attachment":[{"href":"https:\/\/foyerrural-lacroixfalgarde.fr\/index.php\/wp-json\/wp\/v2\/media?parent=103"}],"curies":[{"name":"wp","href":"https:\/\/api.w.org\/{rel}","templated":true}]}}