{"id":101,"date":"2017-08-03T01:20:40","date_gmt":"2017-08-02T23:20:40","guid":{"rendered":"http:\/\/foyerrural-lacroixfalgarde.fr\/?page_id=101"},"modified":"2021-09-15T09:59:48","modified_gmt":"2021-09-15T07:59:48","slug":"le-foyer-rural","status":"publish","type":"page","link":"https:\/\/foyerrural-lacroixfalgarde.fr\/index.php\/qui-sommes-nous\/le-foyer-rural\/","title":{"rendered":"Le Foyer Rural"},"content":{"rendered":"<div id=\"pl-101\"  class=\"panel-layout\" ><div id=\"pg-101-0\"  class=\"panel-grid panel-no-style\" ><div id=\"pgc-101-0-0\"  class=\"panel-grid-cell panel-grid-cell-empty\" ><\/div><div id=\"pgc-101-0-1\"  class=\"panel-grid-cell panel-grid-cell-mobile-last\" ><div id=\"panel-101-0-1-0\" class=\"so-panel widget widget_sow-editor panel-first-child panel-last-child\" data-index=\"0\" ><div class=\"so-widget-sow-editor so-widget-sow-editor-base\">\n<div class=\"siteorigin-widget-tinymce textwidget\">\n\t<p>Le Foyer Rural de Lacroix Falgarde fond\u00e9 en 1965 est une Association \u00e0 but non lucratif de type Loi de 1901 ; c'est une structure d'accueil pour tout type d'activit\u00e9s sportives, culturelles et de loisirs. Il est affili\u00e9 \u00e0 la F\u00e9d\u00e9ration D\u00e9partementale des Foyers Ruraux de Haute Garonne et Hautes Pyr\u00e9n\u00e9es (www.fdfr3165.fr).<\/p>\n<p>Il est g\u00e9r\u00e9 par un\u00a0\u00a0Conseil d'Administration et un Bureau compos\u00e9s de b\u00e9n\u00e9voles. Le Conseil d'Administration se r\u00e9unit au minimum une fois par trimestre. Les adh\u00e9rents sont invit\u00e9s \u00e0 participer aux Assembl\u00e9es G\u00e9n\u00e9rales convoqu\u00e9es par le Pr\u00e9sident.<\/p>\n<p>Le principal objectif du Foyer est de proposer des animations socio-culturelles au plus grand nombre, en privil\u00e9giant l'esprit de convivialit\u00e9 et de solidarit\u00e9.<\/p>\n<\/div>\n<\/div><\/div><\/div><div id=\"pgc-101-0-2\"  class=\"panel-grid-cell panel-grid-cell-empty\" ><\/div><\/div><\/div>","protected":false},"excerpt":{"rendered":"<p>Le Foyer Rural de Lacroix Falgarde fond\u00e9 en 1965 est une Association \u00e0 but non lucratif de type Loi de [&hellip;]<\/p>\n","protected":false},"author":1,"featured_media":0,"parent":48,"menu_order":0,"comment_status":"closed","ping_status":"closed","template":"","meta":[],"_links":{"self":[{"href":"https:\/\/foyerrural-lacroixfalgarde.fr\/index.php\/wp-json\/wp\/v2\/pages\/101"}],"collection":[{"href":"https:\/\/foyerrural-lacroixfalgarde.fr\/index.php\/wp-json\/wp\/v2\/pages"}],"about":[{"href":"https:\/\/foyerrural-lacroixfalgarde.fr\/index.php\/wp-json\/wp\/v2\/types\/page"}],"author":[{"embeddable":true,"href":"https:\/\/foyerrural-lacroixfalgarde.fr\/index.php\/wp-json\/wp\/v2\/users\/1"}],"replies":[{"embeddable":true,"href":"https:\/\/foyerrural-lacroixfalgarde.fr\/index.php\/wp-json\/wp\/v2\/comments?post=101"}],"version-history":[{"count":13,"href":"https:\/\/foyerrural-lacroixfalgarde.fr\/index.php\/wp-json\/wp\/v2\/pages\/101\/revisions"}],"predecessor-version":[{"id":1681,"href":"https:\/\/foyerrural-lacroixfalgarde.fr\/index.php\/wp-json\/wp\/v2\/pages\/101\/revisions\/1681"}],"up":[{"embeddable":true,"href":"https:\/\/foyerrural-lacroixfalgarde.fr\/index.php\/wp-json\/wp\/v2\/pages\/48"}],"wp:attachment":[{"href":"https:\/\/foyerrural-lacroixfalgarde.fr\/index.php\/wp-json\/wp\/v2\/media?parent=101"}],"curies":[{"name":"wp","href":"https:\/\/api.w.org\/{rel}","templated":true}]}}